{"id":4423,"date":"2026-03-24T19:09:50","date_gmt":"2026-03-24T18:09:50","guid":{"rendered":"https:\/\/getlux.ch\/?post_type=product&#038;p=4423"},"modified":"2026-04-02T15:22:00","modified_gmt":"2026-04-02T13:22:00","slug":"prada-3","status":"publish","type":"product","link":"https:\/\/getlux.ch\/en\/product\/prada-3\/","title":{"rendered":"PRADA"},"content":{"rendered":"<p>INFORMATION<\/p>\n<ul>\n<li>BRAND: PRADA<\/li>\n<li>MODEL: Galleria, Medium<\/li>\n<li>SIZE: H 19.5 cm x W 28 cm x D 12 cm<\/li>\n<li>COLOR: Saffiano Black<\/li>\n<li>MATERIAL: Leather<\/li>\n<li>FEATURES: Interior zip pockets, exterior double zip closure, removable and adjustable shoulder strap, max. length: 120 cm. Snap closures on the sides, logo-printed nylon lining with two pockets, one of which is zipped.<\/li>\n<li>CONDITION: Very good condition<\/li>\n<li>DUSTBAG: No<\/li>\n<li>BOX: No<\/li>\n<li>SOLD: WITH ENTRUPY CERTIFICATE OF AUTHENTICITY<\/li>\n<li>PHOTOS\/VIDEO: additional photos available upon request<\/li>\n<\/ul>\n<p>DESCRIPTION<\/p>\n<p>This bag has become an emblem of Prada&#039;s identity in the 21st century, crafted from Saffiano, an iconic calfskin leather patented by Mario Prada, resistant to scratches and water. Its grid-like texture is one of its defining characteristics. Pure class is the watchword for the Galleria.<\/p>\n<p>TERMS\/PRICE<\/p>\n<ul>\n<li>Current price observed: CHF 3,850.00<\/li>\n<li>GetLux price: CHF 1,650.00 (\u2013 57% discount)<\/li>\n<li>Free delivery, shipping within 48 hours<\/li>\n<\/ul>\n<div><\/div>","protected":false},"excerpt":{"rendered":"<div class=\"js-expandable-btn t-text u-black u-uppercase product-informations u-cursor-pointer is-open\">Handbag\/shoulder bag or crossbody bag<\/div>","protected":false},"featured_media":4428,"template":"","meta":{"_et_pb_use_builder":"off","_et_pb_old_content":"INFORMATIONS\r\n<ul>\r\n \t<li>MARQUE : PRADA<\/li>\r\n \t<li>MOD\u00c8LE :\u00a0 Galleria<\/li>\r\n \t<li>TAILLE : H 23 x L 33 x P 12cm<\/li>\r\n \t<li>COULEUR : Noir<\/li>\r\n \t<li>MATI\u00c8RE : Cuir<\/li>\r\n \t<li>PARTICULARIT\u00c9S : Poches int\u00e9rieures avec fermetures \u00e9clair, fermeture ext\u00e9rieure avec double zip, bandouli\u00e8re amovible et r\u00e9glable, longueur max.\u00a0: 120\u00a0cm. Fermetures \u00e0 pression sur les c\u00f4t\u00e9s, doublure en nylon imprim\u00e9 du logo avec deux poches, dont une zipp\u00e9e<\/li>\r\n \t<li>\u00c9TAT : Tr\u00e8s bon \u00e9tat<\/li>\r\n \t<li>DUSTBAG : Non<\/li>\r\n \t<li>BOITE : Non<\/li>\r\n \t<li>VENDU : AVEC CERTIFICAT D'AUTHENTICITE<\/li>\r\n<\/ul>\r\nLOCATION\r\n<ul>\r\n \t<li>7\/14 jours CHF 150.-\/ CHF 210.- \/ inclus : transport aller-retour<\/li>\r\n \t<li>(caution : CHF 1500.- non pr\u00e9lev\u00e9e)<\/li>\r\n<\/ul>\r\nDESCRIPTION\r\n<div>Ce sac est devenu un embl\u00e8me de l'identit\u00e9 Prada au XXIe si\u00e8cle. Ce bijou est confectionn\u00e9 en Saffiano, un cuir de veau iconique brevet\u00e9 par Mario Prada, r\u00e9sistant aux rayures et \u00e0 l'eau, et caract\u00e9ris\u00e9 par sa texture quadrill\u00e9e. La classe par excellence est le mot d'ordre pour d\u00e9finir le Galleria.<\/div>","_et_gb_content_width":""},"product_brand":[],"product_cat":[175],"product_tag":[140],"class_list":{"0":"post-4423","1":"product","2":"type-product","3":"status-publish","4":"has-post-thumbnail","6":"product_cat-sacs-a-vendre","7":"product_tag-prada","8":"pa_duree-de-reservation-14-jours","9":"pa_duree-de-reservation-7-jours","11":"first","12":"instock","13":"shipping-taxable","14":"purchasable","15":"product-type-simple"},"yoast_head":"<!-- This site is optimized with the Yoast SEO plugin v27.3 - https:\/\/yoast.com\/product\/yoast-seo-wordpress\/ -->\n<title>Location articles de luxe en Suisse \u2013 Robes, sacs | GetLux<\/title>\n<meta name=\"description\" content=\"Sac MIUI MIU Wander - par GetLux, location d&#039;articles de luxe (robes, sacs, accessoires)\" \/>\n<meta name=\"robots\" content=\"index, follow, max-snippet:-1, max-image-preview:large, max-video-preview:-1\" \/>\n<link rel=\"canonical\" href=\"https:\/\/getlux.ch\/en\/product\/prada-3\/\" \/>\n<meta property=\"og:locale\" content=\"en_GB\" \/>\n<meta property=\"og:type\" content=\"article\" \/>\n<meta property=\"og:title\" content=\"Location articles de luxe en Suisse \u2013 Robes, sacs | GetLux\" \/>\n<meta property=\"og:description\" content=\"Sac MIUI MIU Wander - par GetLux, location d&#039;articles de luxe (robes, sacs, accessoires)\" \/>\n<meta property=\"og:url\" content=\"https:\/\/getlux.ch\/en\/product\/prada-3\/\" \/>\n<meta property=\"og:site_name\" content=\"GetLux\" \/>\n<meta property=\"article:modified_time\" content=\"2026-04-02T13:22:00+00:00\" \/>\n<meta property=\"og:image\" content=\"https:\/\/getlux.ch\/wp-content\/uploads\/2026\/03\/Untitled-design-3.png\" \/>\n\t<meta property=\"og:image:width\" content=\"560\" \/>\n\t<meta property=\"og:image:height\" content=\"635\" \/>\n\t<meta property=\"og:image:type\" content=\"image\/png\" \/>\n<meta name=\"twitter:card\" content=\"summary_large_image\" \/>\n<script type=\"application\/ld+json\" class=\"yoast-schema-graph\">{\"@context\":\"https:\\\/\\\/schema.org\",\"@graph\":[{\"@type\":\"WebPage\",\"@id\":\"https:\\\/\\\/getlux.ch\\\/produit\\\/prada-3\\\/\",\"url\":\"https:\\\/\\\/getlux.ch\\\/produit\\\/prada-3\\\/\",\"name\":\"Location articles de luxe en Suisse \u2013 Robes, sacs | GetLux\",\"isPartOf\":{\"@id\":\"https:\\\/\\\/getlux.ch\\\/#website\"},\"primaryImageOfPage\":{\"@id\":\"https:\\\/\\\/getlux.ch\\\/produit\\\/prada-3\\\/#primaryimage\"},\"image\":{\"@id\":\"https:\\\/\\\/getlux.ch\\\/produit\\\/prada-3\\\/#primaryimage\"},\"thumbnailUrl\":\"https:\\\/\\\/getlux.ch\\\/wp-content\\\/uploads\\\/2026\\\/03\\\/Untitled-design-3.png\",\"datePublished\":\"2026-03-24T18:09:50+00:00\",\"dateModified\":\"2026-04-02T13:22:00+00:00\",\"description\":\"Sac MIUI MIU Wander - par GetLux, location d'articles de luxe (robes, sacs, accessoires)\",\"breadcrumb\":{\"@id\":\"https:\\\/\\\/getlux.ch\\\/produit\\\/prada-3\\\/#breadcrumb\"},\"inLanguage\":\"en-GB\",\"potentialAction\":[{\"@type\":\"ReadAction\",\"target\":[\"https:\\\/\\\/getlux.ch\\\/produit\\\/prada-3\\\/\"]}]},{\"@type\":\"ImageObject\",\"inLanguage\":\"en-GB\",\"@id\":\"https:\\\/\\\/getlux.ch\\\/produit\\\/prada-3\\\/#primaryimage\",\"url\":\"https:\\\/\\\/getlux.ch\\\/wp-content\\\/uploads\\\/2026\\\/03\\\/Untitled-design-3.png\",\"contentUrl\":\"https:\\\/\\\/getlux.ch\\\/wp-content\\\/uploads\\\/2026\\\/03\\\/Untitled-design-3.png\",\"width\":560,\"height\":635},{\"@type\":\"BreadcrumbList\",\"@id\":\"https:\\\/\\\/getlux.ch\\\/produit\\\/prada-3\\\/#breadcrumb\",\"itemListElement\":[{\"@type\":\"ListItem\",\"position\":1,\"name\":\"Accueil\",\"item\":\"https:\\\/\\\/getlux.ch\\\/\"},{\"@type\":\"ListItem\",\"position\":2,\"name\":\"Shop &#8211; pour divi shop\",\"item\":\"https:\\\/\\\/getlux.ch\\\/shop-pour-divi-shop\\\/\"},{\"@type\":\"ListItem\",\"position\":3,\"name\":\"PRADA\"}]},{\"@type\":\"WebSite\",\"@id\":\"https:\\\/\\\/getlux.ch\\\/#website\",\"url\":\"https:\\\/\\\/getlux.ch\\\/\",\"name\":\"GetLux\",\"description\":\"Location de v\u00eatements de luxe\",\"publisher\":{\"@id\":\"https:\\\/\\\/getlux.ch\\\/#organization\"},\"potentialAction\":[{\"@type\":\"SearchAction\",\"target\":{\"@type\":\"EntryPoint\",\"urlTemplate\":\"https:\\\/\\\/getlux.ch\\\/?s={search_term_string}\"},\"query-input\":{\"@type\":\"PropertyValueSpecification\",\"valueRequired\":true,\"valueName\":\"search_term_string\"}}],\"inLanguage\":\"en-GB\"},{\"@type\":\"Organization\",\"@id\":\"https:\\\/\\\/getlux.ch\\\/#organization\",\"name\":\"GetLux - Location d'articles de luxe\",\"url\":\"https:\\\/\\\/getlux.ch\\\/\",\"logo\":{\"@type\":\"ImageObject\",\"inLanguage\":\"en-GB\",\"@id\":\"https:\\\/\\\/getlux.ch\\\/#\\\/schema\\\/logo\\\/image\\\/\",\"url\":\"https:\\\/\\\/getlux.ch\\\/wp-content\\\/uploads\\\/2025\\\/11\\\/FullLogo_Transparent_NoBuffer-3.png\",\"contentUrl\":\"https:\\\/\\\/getlux.ch\\\/wp-content\\\/uploads\\\/2025\\\/11\\\/FullLogo_Transparent_NoBuffer-3.png\",\"width\":1280,\"height\":864,\"caption\":\"GetLux - Location d'articles de luxe\"},\"image\":{\"@id\":\"https:\\\/\\\/getlux.ch\\\/#\\\/schema\\\/logo\\\/image\\\/\"}}]}<\/script>\n<!-- \/ Yoast SEO plugin. -->","yoast_head_json":{"title":"Luxury goods rental in Switzerland \u2013 Dresses, bags | GetLux","description":"Sac MIUI MIU Wander - par GetLux, location d'articles de luxe (robes, sacs, accessoires)","robots":{"index":"index","follow":"follow","max-snippet":"max-snippet:-1","max-image-preview":"max-image-preview:large","max-video-preview":"max-video-preview:-1"},"canonical":"https:\/\/getlux.ch\/en\/product\/prada-3\/","og_locale":"en_GB","og_type":"article","og_title":"Location articles de luxe en Suisse \u2013 Robes, sacs | GetLux","og_description":"Sac MIUI MIU Wander - par GetLux, location d'articles de luxe (robes, sacs, accessoires)","og_url":"https:\/\/getlux.ch\/en\/product\/prada-3\/","og_site_name":"GetLux","article_modified_time":"2026-04-02T13:22:00+00:00","og_image":[{"width":560,"height":635,"url":"https:\/\/getlux.ch\/wp-content\/uploads\/2026\/03\/Untitled-design-3.png","type":"image\/png"}],"twitter_card":"summary_large_image","schema":{"@context":"https:\/\/schema.org","@graph":[{"@type":"WebPage","@id":"https:\/\/getlux.ch\/produit\/prada-3\/","url":"https:\/\/getlux.ch\/produit\/prada-3\/","name":"Luxury goods rental in Switzerland \u2013 Dresses, bags | GetLux","isPartOf":{"@id":"https:\/\/getlux.ch\/#website"},"primaryImageOfPage":{"@id":"https:\/\/getlux.ch\/produit\/prada-3\/#primaryimage"},"image":{"@id":"https:\/\/getlux.ch\/produit\/prada-3\/#primaryimage"},"thumbnailUrl":"https:\/\/getlux.ch\/wp-content\/uploads\/2026\/03\/Untitled-design-3.png","datePublished":"2026-03-24T18:09:50+00:00","dateModified":"2026-04-02T13:22:00+00:00","description":"Sac MIUI MIU Wander - par GetLux, location d'articles de luxe (robes, sacs, accessoires)","breadcrumb":{"@id":"https:\/\/getlux.ch\/produit\/prada-3\/#breadcrumb"},"inLanguage":"en-GB","potentialAction":[{"@type":"ReadAction","target":["https:\/\/getlux.ch\/produit\/prada-3\/"]}]},{"@type":"ImageObject","inLanguage":"en-GB","@id":"https:\/\/getlux.ch\/produit\/prada-3\/#primaryimage","url":"https:\/\/getlux.ch\/wp-content\/uploads\/2026\/03\/Untitled-design-3.png","contentUrl":"https:\/\/getlux.ch\/wp-content\/uploads\/2026\/03\/Untitled-design-3.png","width":560,"height":635},{"@type":"BreadcrumbList","@id":"https:\/\/getlux.ch\/produit\/prada-3\/#breadcrumb","itemListElement":[{"@type":"ListItem","position":1,"name":"Accueil","item":"https:\/\/getlux.ch\/"},{"@type":"ListItem","position":2,"name":"Shop &#8211; pour divi shop","item":"https:\/\/getlux.ch\/shop-pour-divi-shop\/"},{"@type":"ListItem","position":3,"name":"PRADA"}]},{"@type":"WebSite","@id":"https:\/\/getlux.ch\/#website","url":"https:\/\/getlux.ch\/","name":"GetLux","description":"Luxury clothing rental","publisher":{"@id":"https:\/\/getlux.ch\/#organization"},"potentialAction":[{"@type":"SearchAction","target":{"@type":"EntryPoint","urlTemplate":"https:\/\/getlux.ch\/?s={search_term_string}"},"query-input":{"@type":"PropertyValueSpecification","valueRequired":true,"valueName":"search_term_string"}}],"inLanguage":"en-GB"},{"@type":"Organization","@id":"https:\/\/getlux.ch\/#organization","name":"GetLux - Luxury Item Rental","url":"https:\/\/getlux.ch\/","logo":{"@type":"ImageObject","inLanguage":"en-GB","@id":"https:\/\/getlux.ch\/#\/schema\/logo\/image\/","url":"https:\/\/getlux.ch\/wp-content\/uploads\/2025\/11\/FullLogo_Transparent_NoBuffer-3.png","contentUrl":"https:\/\/getlux.ch\/wp-content\/uploads\/2025\/11\/FullLogo_Transparent_NoBuffer-3.png","width":1280,"height":864,"caption":"GetLux - Location d'articles de luxe"},"image":{"@id":"https:\/\/getlux.ch\/#\/schema\/logo\/image\/"}}]}},"_links":{"self":[{"href":"https:\/\/getlux.ch\/en\/wp-json\/wp\/v2\/product\/4423","targetHints":{"allow":["GET"]}}],"collection":[{"href":"https:\/\/getlux.ch\/en\/wp-json\/wp\/v2\/product"}],"about":[{"href":"https:\/\/getlux.ch\/en\/wp-json\/wp\/v2\/types\/product"}],"wp:featuredmedia":[{"embeddable":true,"href":"https:\/\/getlux.ch\/en\/wp-json\/wp\/v2\/media\/4428"}],"wp:attachment":[{"href":"https:\/\/getlux.ch\/en\/wp-json\/wp\/v2\/media?parent=4423"}],"wp:term":[{"taxonomy":"product_brand","embeddable":true,"href":"https:\/\/getlux.ch\/en\/wp-json\/wp\/v2\/product_brand?post=4423"},{"taxonomy":"product_cat","embeddable":true,"href":"https:\/\/getlux.ch\/en\/wp-json\/wp\/v2\/product_cat?post=4423"},{"taxonomy":"product_tag","embeddable":true,"href":"https:\/\/getlux.ch\/en\/wp-json\/wp\/v2\/product_tag?post=4423"}],"curies":[{"name":"wp","href":"https:\/\/api.w.org\/{rel}","templated":true}]}}