{"id":4402,"date":"2026-03-09T16:34:31","date_gmt":"2026-03-09T15:34:31","guid":{"rendered":"https:\/\/getlux.ch\/?post_type=product&#038;p=4402"},"modified":"2026-04-02T15:09:19","modified_gmt":"2026-04-02T13:09:19","slug":"balenciaga-6","status":"publish","type":"product","link":"https:\/\/getlux.ch\/en\/product\/balenciaga-6\/","title":{"rendered":"CELINE"},"content":{"rendered":"<p>INFORMATION<\/p>\n<ul>\n<li>BRAND: CELINE<\/li>\n<li>MOD\u00c8LE : Belt, grand mod\u00e8le<\/li>\n<li>DIMENSIONS : H 23 x L 28 x P 16 cm<\/li>\n<li>COLOR: Black<\/li>\n<li>MATERIAL: Leather<\/li>\n<li>PARTICULARIT\u00c9S : Compartiment principal vaste. Le Grand Mod\u00e8le peut facilement accueillir un ordinateur portable (13 pouces), des documents A4, une trousse de maquillage et plus encore; deux poches plates ouvertes se trouvent \u00e0 l&rsquo;int\u00e9rieur. Il est dot\u00e9 d&rsquo;une longue lani\u00e8re en cuir, d&rsquo;une poign\u00e9e sup\u00e9rieure pour un port\u00e9 main et d&rsquo;une poche ext\u00e9rieure zipp\u00e9e. Fermeture s\u00e9curis\u00e9e :\u00a0Le sac se ferme par un\u00a0rabat aimant\u00e9, doubl\u00e9 d&rsquo;une\u00a0fermeture \u00e0 glissi\u00e8re.<\/li>\n<li>CONDITION: Good overall condition<\/li>\n<li>DUSTBAG: No<\/li>\n<li>BOX: No<\/li>\n<li>SOLD: WITH ENTRUPY CERTIFICATE OF AUTHENTICITY<\/li>\n<li>PHOTOS\/VIDEO : suppl\u00e9mentaires sur demande<\/li>\n<\/ul>\n<p>DESCRIPTION<\/p>\n<p>Le Belt Bag de CELINE est c\u00e9l\u00e8bre pour son allure \u00e0 la fois minimaliste et architecturale. C&rsquo;est un sac dans l&rsquo;esprit \u00ab\u00a0cabas\u00a0\u00bb structur\u00e9 qui allie \u00e9l\u00e9gance et fonctionnalit\u00e9. Le Grand Mod\u00e8le est notamment parfait comme sac de travail chic.<\/p>\n<p>TERMS\/PRICE<\/p>\n<ul>\n<li>Prix neuf constat\u00e9 : CHF 2&rsquo;500.00<\/li>\n<li>Prix GetLux : CHF 1&rsquo;350.00 ( &#8211; 45 % de r\u00e9duction)<\/li>\n<li>Free delivery, shipping within 48 hours<\/li>\n<\/ul>","protected":false},"excerpt":{"rendered":"<p>Handbag, shoulder\/crossbody bag<\/p>","protected":false},"featured_media":4440,"template":"","meta":{"_et_pb_use_builder":"off","_et_pb_old_content":"INFORMATIONS\r\n<ul>\r\n \t<li>MARQUE : BALENCIAGA<\/li>\r\n \t<li>MOD\u00c8LE : Cagole<\/li>\r\n \t<li>TAILLE : H 20 x L 15 x P 15 cm<\/li>\r\n \t<li>COULEUR : Noir<\/li>\r\n \t<li>MATI\u00c8RE : Cuir<\/li>\r\n \t<li>PARTICULARIT\u00c9S : Poche frontale zipp\u00e9e avec une tirette en cuir nou\u00e9e, ainsi qu'une anse courte tress\u00e9e, accompagn\u00e9 une petite pochette zipp\u00e9e et un miroir d\u00e9tachable en forme de c\u0153ur, gros rivets, quincaillerie argent\u00e9e vieillie<\/li>\r\n \t<li>\u00c9TAT : Bon \u00e9tat<\/li>\r\n<\/ul>\r\nLOCATION\r\n<ul>\r\n \t<li>7\/14 jours CHF 90.-\/CHF 120.- \/ inclus : transport aller-retour<\/li>\r\n \t<li>(Caution : CHF 1'000.- non pr\u00e9lev\u00e9e)<\/li>\r\n<\/ul>\r\nDESCRIPTION\r\n\r\nLe Cagole de Balenciaga est une pi\u00e8ce phare qui allie l'esth\u00e9tique urbaine et audacieuse de la ligne Le Cagole \u00e0 la forme pratique du sac seau. Il se caract\u00e9rise par son cuir froiss\u00e9\u00a0et ses\u00a0d\u00e9tails motards. Il conserve les codes qui ont fait le succ\u00e8s de la ligne originale, lanc\u00e9e au d\u00e9but des ann\u00e9es 2000 et r\u00e9actualis\u00e9e depuis par Demna Gvasalia. La bandouli\u00e8re est r\u00e9glable pour un port\u00e9 crois\u00e9.","_et_gb_content_width":""},"product_brand":[],"product_cat":[175],"product_tag":[165],"class_list":{"0":"post-4402","1":"product","2":"type-product","3":"status-publish","4":"has-post-thumbnail","6":"product_cat-sacs-a-vendre","7":"product_tag-celine","8":"pa_duree-de-reservation-14-jours","9":"pa_duree-de-reservation-7-jours","11":"first","12":"instock","13":"shipping-taxable","14":"purchasable","15":"product-type-simple"},"yoast_head":"<!-- This site is optimized with the Yoast SEO plugin v27.3 - https:\/\/yoast.com\/product\/yoast-seo-wordpress\/ -->\n<title>Location articles de luxe en Suisse \u2013 Robes, sacs | GetLux<\/title>\n<meta name=\"description\" content=\"Sac GUCCI Blondie - par GetLux, location d&#039;articles de luxe (robes, sacs, accessoires)\" \/>\n<meta name=\"robots\" content=\"index, follow, max-snippet:-1, max-image-preview:large, max-video-preview:-1\" \/>\n<link rel=\"canonical\" href=\"https:\/\/getlux.ch\/en\/product\/balenciaga-6\/\" \/>\n<meta property=\"og:locale\" content=\"en_GB\" \/>\n<meta property=\"og:type\" content=\"article\" \/>\n<meta property=\"og:title\" content=\"Location articles de luxe en Suisse \u2013 Robes, sacs | GetLux\" \/>\n<meta property=\"og:description\" content=\"Sac GUCCI Blondie - par GetLux, location d&#039;articles de luxe (robes, sacs, accessoires)\" \/>\n<meta property=\"og:url\" content=\"https:\/\/getlux.ch\/en\/product\/balenciaga-6\/\" \/>\n<meta property=\"og:site_name\" content=\"GetLux\" \/>\n<meta property=\"article:modified_time\" content=\"2026-04-02T13:09:19+00:00\" \/>\n<meta property=\"og:image\" content=\"https:\/\/getlux.ch\/wp-content\/uploads\/2026\/03\/Untitled-design-10.png\" \/>\n\t<meta property=\"og:image:width\" content=\"560\" \/>\n\t<meta property=\"og:image:height\" content=\"635\" \/>\n\t<meta property=\"og:image:type\" content=\"image\/png\" \/>\n<meta name=\"twitter:card\" content=\"summary_large_image\" \/>\n<script type=\"application\/ld+json\" class=\"yoast-schema-graph\">{\"@context\":\"https:\\\/\\\/schema.org\",\"@graph\":[{\"@type\":\"WebPage\",\"@id\":\"https:\\\/\\\/getlux.ch\\\/produit\\\/balenciaga-6\\\/\",\"url\":\"https:\\\/\\\/getlux.ch\\\/produit\\\/balenciaga-6\\\/\",\"name\":\"Location articles de luxe en Suisse \u2013 Robes, sacs | GetLux\",\"isPartOf\":{\"@id\":\"https:\\\/\\\/getlux.ch\\\/#website\"},\"primaryImageOfPage\":{\"@id\":\"https:\\\/\\\/getlux.ch\\\/produit\\\/balenciaga-6\\\/#primaryimage\"},\"image\":{\"@id\":\"https:\\\/\\\/getlux.ch\\\/produit\\\/balenciaga-6\\\/#primaryimage\"},\"thumbnailUrl\":\"https:\\\/\\\/getlux.ch\\\/wp-content\\\/uploads\\\/2026\\\/03\\\/Untitled-design-10.png\",\"datePublished\":\"2026-03-09T15:34:31+00:00\",\"dateModified\":\"2026-04-02T13:09:19+00:00\",\"description\":\"Sac GUCCI Blondie - par GetLux, location d'articles de luxe (robes, sacs, accessoires)\",\"breadcrumb\":{\"@id\":\"https:\\\/\\\/getlux.ch\\\/produit\\\/balenciaga-6\\\/#breadcrumb\"},\"inLanguage\":\"en-GB\",\"potentialAction\":[{\"@type\":\"ReadAction\",\"target\":[\"https:\\\/\\\/getlux.ch\\\/produit\\\/balenciaga-6\\\/\"]}]},{\"@type\":\"ImageObject\",\"inLanguage\":\"en-GB\",\"@id\":\"https:\\\/\\\/getlux.ch\\\/produit\\\/balenciaga-6\\\/#primaryimage\",\"url\":\"https:\\\/\\\/getlux.ch\\\/wp-content\\\/uploads\\\/2026\\\/03\\\/Untitled-design-10.png\",\"contentUrl\":\"https:\\\/\\\/getlux.ch\\\/wp-content\\\/uploads\\\/2026\\\/03\\\/Untitled-design-10.png\",\"width\":560,\"height\":635},{\"@type\":\"BreadcrumbList\",\"@id\":\"https:\\\/\\\/getlux.ch\\\/produit\\\/balenciaga-6\\\/#breadcrumb\",\"itemListElement\":[{\"@type\":\"ListItem\",\"position\":1,\"name\":\"Accueil\",\"item\":\"https:\\\/\\\/getlux.ch\\\/\"},{\"@type\":\"ListItem\",\"position\":2,\"name\":\"Shop &#8211; pour divi shop\",\"item\":\"https:\\\/\\\/getlux.ch\\\/shop-pour-divi-shop\\\/\"},{\"@type\":\"ListItem\",\"position\":3,\"name\":\"CELINE\"}]},{\"@type\":\"WebSite\",\"@id\":\"https:\\\/\\\/getlux.ch\\\/#website\",\"url\":\"https:\\\/\\\/getlux.ch\\\/\",\"name\":\"GetLux\",\"description\":\"Location de v\u00eatements de luxe\",\"publisher\":{\"@id\":\"https:\\\/\\\/getlux.ch\\\/#organization\"},\"potentialAction\":[{\"@type\":\"SearchAction\",\"target\":{\"@type\":\"EntryPoint\",\"urlTemplate\":\"https:\\\/\\\/getlux.ch\\\/?s={search_term_string}\"},\"query-input\":{\"@type\":\"PropertyValueSpecification\",\"valueRequired\":true,\"valueName\":\"search_term_string\"}}],\"inLanguage\":\"en-GB\"},{\"@type\":\"Organization\",\"@id\":\"https:\\\/\\\/getlux.ch\\\/#organization\",\"name\":\"GetLux - Location d'articles de luxe\",\"url\":\"https:\\\/\\\/getlux.ch\\\/\",\"logo\":{\"@type\":\"ImageObject\",\"inLanguage\":\"en-GB\",\"@id\":\"https:\\\/\\\/getlux.ch\\\/#\\\/schema\\\/logo\\\/image\\\/\",\"url\":\"https:\\\/\\\/getlux.ch\\\/wp-content\\\/uploads\\\/2025\\\/11\\\/FullLogo_Transparent_NoBuffer-3.png\",\"contentUrl\":\"https:\\\/\\\/getlux.ch\\\/wp-content\\\/uploads\\\/2025\\\/11\\\/FullLogo_Transparent_NoBuffer-3.png\",\"width\":1280,\"height\":864,\"caption\":\"GetLux - Location d'articles de luxe\"},\"image\":{\"@id\":\"https:\\\/\\\/getlux.ch\\\/#\\\/schema\\\/logo\\\/image\\\/\"}}]}<\/script>\n<!-- \/ Yoast SEO plugin. -->","yoast_head_json":{"title":"Luxury goods rental in Switzerland \u2013 Dresses, bags | GetLux","description":"Sac GUCCI Blondie - par GetLux, location d'articles de luxe (robes, sacs, accessoires)","robots":{"index":"index","follow":"follow","max-snippet":"max-snippet:-1","max-image-preview":"max-image-preview:large","max-video-preview":"max-video-preview:-1"},"canonical":"https:\/\/getlux.ch\/en\/product\/balenciaga-6\/","og_locale":"en_GB","og_type":"article","og_title":"Location articles de luxe en Suisse \u2013 Robes, sacs | GetLux","og_description":"Sac GUCCI Blondie - par GetLux, location d'articles de luxe (robes, sacs, accessoires)","og_url":"https:\/\/getlux.ch\/en\/product\/balenciaga-6\/","og_site_name":"GetLux","article_modified_time":"2026-04-02T13:09:19+00:00","og_image":[{"width":560,"height":635,"url":"https:\/\/getlux.ch\/wp-content\/uploads\/2026\/03\/Untitled-design-10.png","type":"image\/png"}],"twitter_card":"summary_large_image","schema":{"@context":"https:\/\/schema.org","@graph":[{"@type":"WebPage","@id":"https:\/\/getlux.ch\/produit\/balenciaga-6\/","url":"https:\/\/getlux.ch\/produit\/balenciaga-6\/","name":"Luxury goods rental in Switzerland \u2013 Dresses, bags | GetLux","isPartOf":{"@id":"https:\/\/getlux.ch\/#website"},"primaryImageOfPage":{"@id":"https:\/\/getlux.ch\/produit\/balenciaga-6\/#primaryimage"},"image":{"@id":"https:\/\/getlux.ch\/produit\/balenciaga-6\/#primaryimage"},"thumbnailUrl":"https:\/\/getlux.ch\/wp-content\/uploads\/2026\/03\/Untitled-design-10.png","datePublished":"2026-03-09T15:34:31+00:00","dateModified":"2026-04-02T13:09:19+00:00","description":"Sac GUCCI Blondie - par GetLux, location d'articles de luxe (robes, sacs, accessoires)","breadcrumb":{"@id":"https:\/\/getlux.ch\/produit\/balenciaga-6\/#breadcrumb"},"inLanguage":"en-GB","potentialAction":[{"@type":"ReadAction","target":["https:\/\/getlux.ch\/produit\/balenciaga-6\/"]}]},{"@type":"ImageObject","inLanguage":"en-GB","@id":"https:\/\/getlux.ch\/produit\/balenciaga-6\/#primaryimage","url":"https:\/\/getlux.ch\/wp-content\/uploads\/2026\/03\/Untitled-design-10.png","contentUrl":"https:\/\/getlux.ch\/wp-content\/uploads\/2026\/03\/Untitled-design-10.png","width":560,"height":635},{"@type":"BreadcrumbList","@id":"https:\/\/getlux.ch\/produit\/balenciaga-6\/#breadcrumb","itemListElement":[{"@type":"ListItem","position":1,"name":"Accueil","item":"https:\/\/getlux.ch\/"},{"@type":"ListItem","position":2,"name":"Shop &#8211; pour divi shop","item":"https:\/\/getlux.ch\/shop-pour-divi-shop\/"},{"@type":"ListItem","position":3,"name":"CELINE"}]},{"@type":"WebSite","@id":"https:\/\/getlux.ch\/#website","url":"https:\/\/getlux.ch\/","name":"GetLux","description":"Luxury clothing rental","publisher":{"@id":"https:\/\/getlux.ch\/#organization"},"potentialAction":[{"@type":"SearchAction","target":{"@type":"EntryPoint","urlTemplate":"https:\/\/getlux.ch\/?s={search_term_string}"},"query-input":{"@type":"PropertyValueSpecification","valueRequired":true,"valueName":"search_term_string"}}],"inLanguage":"en-GB"},{"@type":"Organization","@id":"https:\/\/getlux.ch\/#organization","name":"GetLux - Luxury Item Rental","url":"https:\/\/getlux.ch\/","logo":{"@type":"ImageObject","inLanguage":"en-GB","@id":"https:\/\/getlux.ch\/#\/schema\/logo\/image\/","url":"https:\/\/getlux.ch\/wp-content\/uploads\/2025\/11\/FullLogo_Transparent_NoBuffer-3.png","contentUrl":"https:\/\/getlux.ch\/wp-content\/uploads\/2025\/11\/FullLogo_Transparent_NoBuffer-3.png","width":1280,"height":864,"caption":"GetLux - Location d'articles de luxe"},"image":{"@id":"https:\/\/getlux.ch\/#\/schema\/logo\/image\/"}}]}},"_links":{"self":[{"href":"https:\/\/getlux.ch\/en\/wp-json\/wp\/v2\/product\/4402","targetHints":{"allow":["GET"]}}],"collection":[{"href":"https:\/\/getlux.ch\/en\/wp-json\/wp\/v2\/product"}],"about":[{"href":"https:\/\/getlux.ch\/en\/wp-json\/wp\/v2\/types\/product"}],"wp:featuredmedia":[{"embeddable":true,"href":"https:\/\/getlux.ch\/en\/wp-json\/wp\/v2\/media\/4440"}],"wp:attachment":[{"href":"https:\/\/getlux.ch\/en\/wp-json\/wp\/v2\/media?parent=4402"}],"wp:term":[{"taxonomy":"product_brand","embeddable":true,"href":"https:\/\/getlux.ch\/en\/wp-json\/wp\/v2\/product_brand?post=4402"},{"taxonomy":"product_cat","embeddable":true,"href":"https:\/\/getlux.ch\/en\/wp-json\/wp\/v2\/product_cat?post=4402"},{"taxonomy":"product_tag","embeddable":true,"href":"https:\/\/getlux.ch\/en\/wp-json\/wp\/v2\/product_tag?post=4402"}],"curies":[{"name":"wp","href":"https:\/\/api.w.org\/{rel}","templated":true}]}}