{"id":4395,"date":"2026-03-09T16:08:22","date_gmt":"2026-03-09T15:08:22","guid":{"rendered":"https:\/\/getlux.ch\/?post_type=product&#038;p=4395"},"modified":"2026-04-02T15:06:15","modified_gmt":"2026-04-02T13:06:15","slug":"gucci-x-balenciaga-a-vendre","status":"publish","type":"product","link":"https:\/\/getlux.ch\/en\/product\/gucci-x-balenciaga-a-vendre\/","title":{"rendered":"GUCCI"},"content":{"rendered":"<p>INFORMATION<\/p>\n<ul>\n<li>BRAND: GUCCI<\/li>\n<li>MODEL: Soho<\/li>\n<li>DIMENSIONS: H 15.5 cm x W 20 cm x D 7 cm<\/li>\n<li>COLOR: Red<\/li>\n<li>MATERIAL: Leather and textile interior<\/li>\n<li>SPECIAL FEATURES: Adjustable 58cm leather shoulder strap<\/li>\n<li>CONDITION: Good condition, minor scratches (see photos)<\/li>\n<li>DUSTBAG: No<\/li>\n<li>BOX: No<\/li>\n<li>SOLD: WITH ENTRUPY CERTIFICATE OF AUTHENTICITY<\/li>\n<li>PHOTOS\/VIDEO : suppl\u00e9mentaires sur demande<\/li>\n<\/ul>\n<p>DESCRIPTION<\/p>\n<p>Sac Soho Disco de chez GUCCI \u00e0 porter en crossbody ou \u00e9paule, avec bandouli\u00e8re ajustable. C&rsquo;est un intemporel de la marque pour un look efforthless et chic.<\/p>\n<p>TERMS\/PRICE<\/p>\n<ul>\n<li>Estimated new price observed: CHF 1,200.00<\/li>\n<li>GetLux price: CHF 550.00 (\u2013 55% discount)<\/li>\n<li>Free delivery, shipping within 48 hours<\/li>\n<\/ul>","protected":false},"excerpt":{"rendered":"<p>Bag to wear across the body or on the shoulder<\/p>","protected":false},"featured_media":4447,"template":"","meta":{"_et_pb_use_builder":"off","_et_pb_old_content":"INFORMATIONS\r\n<ul>\r\n \t<li>MARQUE : GUCCI X BALENCIAGE<\/li>\r\n \t<li>MOD\u00c8LE : Jackie<\/li>\r\n \t<li>TAILLE : H 19 x L 28 x P 4.5 cm<\/li>\r\n \t<li>COULEUR : Imprim\u00e9 Monogram BB<\/li>\r\n \t<li>MATI\u00c8RE : Toile GG Supreme beige\/\u00e9b\u00e8ne, avec finitions en cuir contrastant<\/li>\r\n \t<li>PARTICULARIT\u00c9S : anse fixe et bandouli\u00e8re en cuir r\u00e9glable et amovible<\/li>\r\n \t<li>\u00c9TAT : Tr\u00e8s bon \u00e9tat<\/li>\r\n<\/ul>\r\nLOCATION\r\n<ul>\r\n \t<li>7\/14 jours CHF 120.- \/CHF 180.- \/ inclus : transport aller-retour<\/li>\r\n \t<li>(caution : CHF 1'000.- non pr\u00e9lev\u00e9e)<\/li>\r\n<\/ul>\r\nDESCRIPTION\r\n\r\nLe sac\u00a0Jackie Gucci x Balenciaga, issu de la collaboration \"The Hacker Project\", est une fusion unique de l'ADN des deux maisons. Il r\u00e9interpr\u00e8te le mod\u00e8le embl\u00e9matique Jackie 1961 de Gucci en y int\u00e9grant les codes visuels de Balenciaga. Il arbore une contenance parfaite pour le quotidien avec son style sophistiqu\u00e9 et moderne \u00e0 la fois. Ce mod\u00e8le est la d\u00e9finition m\u00eame d'avoir le luxe de porter deux marques en un !","_et_gb_content_width":""},"product_brand":[95],"product_cat":[175],"product_tag":[124],"class_list":{"0":"post-4395","1":"product","2":"type-product","3":"status-publish","4":"has-post-thumbnail","6":"product_brand-gucci","7":"product_cat-sacs-a-vendre","8":"product_tag-gucci","9":"pa_duree-de-reservation-14-jours","10":"pa_duree-de-reservation-7-jours","12":"first","13":"instock","14":"shipping-taxable","15":"purchasable","16":"product-type-simple"},"yoast_head":"<!-- This site is optimized with the Yoast SEO plugin v27.3 - https:\/\/yoast.com\/product\/yoast-seo-wordpress\/ -->\n<title>Location articles de luxe en Suisse \u2013 Robes, sacs | GetLux<\/title>\n<meta name=\"description\" content=\"Sac GUCCI Dionysus - par GetLux, location d&#039;articles de luxe (robes, sacs, accessoires)\" \/>\n<meta name=\"robots\" content=\"index, follow, max-snippet:-1, max-image-preview:large, max-video-preview:-1\" \/>\n<link rel=\"canonical\" href=\"https:\/\/getlux.ch\/en\/product\/gucci-x-balenciaga-a-vendre\/\" \/>\n<meta property=\"og:locale\" content=\"en_GB\" \/>\n<meta property=\"og:type\" content=\"article\" \/>\n<meta property=\"og:title\" content=\"Location articles de luxe en Suisse \u2013 Robes, sacs | GetLux\" \/>\n<meta property=\"og:description\" content=\"Sac GUCCI Dionysus - par GetLux, location d&#039;articles de luxe (robes, sacs, accessoires)\" \/>\n<meta property=\"og:url\" content=\"https:\/\/getlux.ch\/en\/product\/gucci-x-balenciaga-a-vendre\/\" \/>\n<meta property=\"og:site_name\" content=\"GetLux\" \/>\n<meta property=\"article:modified_time\" content=\"2026-04-02T13:06:15+00:00\" \/>\n<meta property=\"og:image\" content=\"https:\/\/getlux.ch\/wp-content\/uploads\/2026\/03\/Untitled-design-5-1.png\" \/>\n\t<meta property=\"og:image:width\" content=\"560\" \/>\n\t<meta property=\"og:image:height\" content=\"635\" \/>\n\t<meta property=\"og:image:type\" content=\"image\/png\" \/>\n<meta name=\"twitter:card\" content=\"summary_large_image\" \/>\n<script type=\"application\/ld+json\" class=\"yoast-schema-graph\">{\"@context\":\"https:\\\/\\\/schema.org\",\"@graph\":[{\"@type\":\"WebPage\",\"@id\":\"https:\\\/\\\/getlux.ch\\\/produit\\\/gucci-x-balenciaga-a-vendre\\\/\",\"url\":\"https:\\\/\\\/getlux.ch\\\/produit\\\/gucci-x-balenciaga-a-vendre\\\/\",\"name\":\"Location articles de luxe en Suisse \u2013 Robes, sacs | GetLux\",\"isPartOf\":{\"@id\":\"https:\\\/\\\/getlux.ch\\\/#website\"},\"primaryImageOfPage\":{\"@id\":\"https:\\\/\\\/getlux.ch\\\/produit\\\/gucci-x-balenciaga-a-vendre\\\/#primaryimage\"},\"image\":{\"@id\":\"https:\\\/\\\/getlux.ch\\\/produit\\\/gucci-x-balenciaga-a-vendre\\\/#primaryimage\"},\"thumbnailUrl\":\"https:\\\/\\\/getlux.ch\\\/wp-content\\\/uploads\\\/2026\\\/03\\\/Untitled-design-5-1.png\",\"datePublished\":\"2026-03-09T15:08:22+00:00\",\"dateModified\":\"2026-04-02T13:06:15+00:00\",\"description\":\"Sac GUCCI Dionysus - par GetLux, location d'articles de luxe (robes, sacs, accessoires)\",\"breadcrumb\":{\"@id\":\"https:\\\/\\\/getlux.ch\\\/produit\\\/gucci-x-balenciaga-a-vendre\\\/#breadcrumb\"},\"inLanguage\":\"en-GB\",\"potentialAction\":[{\"@type\":\"ReadAction\",\"target\":[\"https:\\\/\\\/getlux.ch\\\/produit\\\/gucci-x-balenciaga-a-vendre\\\/\"]}]},{\"@type\":\"ImageObject\",\"inLanguage\":\"en-GB\",\"@id\":\"https:\\\/\\\/getlux.ch\\\/produit\\\/gucci-x-balenciaga-a-vendre\\\/#primaryimage\",\"url\":\"https:\\\/\\\/getlux.ch\\\/wp-content\\\/uploads\\\/2026\\\/03\\\/Untitled-design-5-1.png\",\"contentUrl\":\"https:\\\/\\\/getlux.ch\\\/wp-content\\\/uploads\\\/2026\\\/03\\\/Untitled-design-5-1.png\",\"width\":560,\"height\":635},{\"@type\":\"BreadcrumbList\",\"@id\":\"https:\\\/\\\/getlux.ch\\\/produit\\\/gucci-x-balenciaga-a-vendre\\\/#breadcrumb\",\"itemListElement\":[{\"@type\":\"ListItem\",\"position\":1,\"name\":\"Accueil\",\"item\":\"https:\\\/\\\/getlux.ch\\\/\"},{\"@type\":\"ListItem\",\"position\":2,\"name\":\"Shop &#8211; pour divi shop\",\"item\":\"https:\\\/\\\/getlux.ch\\\/shop-pour-divi-shop\\\/\"},{\"@type\":\"ListItem\",\"position\":3,\"name\":\"GUCCI\"}]},{\"@type\":\"WebSite\",\"@id\":\"https:\\\/\\\/getlux.ch\\\/#website\",\"url\":\"https:\\\/\\\/getlux.ch\\\/\",\"name\":\"GetLux\",\"description\":\"Location de v\u00eatements de luxe\",\"publisher\":{\"@id\":\"https:\\\/\\\/getlux.ch\\\/#organization\"},\"potentialAction\":[{\"@type\":\"SearchAction\",\"target\":{\"@type\":\"EntryPoint\",\"urlTemplate\":\"https:\\\/\\\/getlux.ch\\\/?s={search_term_string}\"},\"query-input\":{\"@type\":\"PropertyValueSpecification\",\"valueRequired\":true,\"valueName\":\"search_term_string\"}}],\"inLanguage\":\"en-GB\"},{\"@type\":\"Organization\",\"@id\":\"https:\\\/\\\/getlux.ch\\\/#organization\",\"name\":\"GetLux - Location d'articles de luxe\",\"url\":\"https:\\\/\\\/getlux.ch\\\/\",\"logo\":{\"@type\":\"ImageObject\",\"inLanguage\":\"en-GB\",\"@id\":\"https:\\\/\\\/getlux.ch\\\/#\\\/schema\\\/logo\\\/image\\\/\",\"url\":\"https:\\\/\\\/getlux.ch\\\/wp-content\\\/uploads\\\/2025\\\/11\\\/FullLogo_Transparent_NoBuffer-3.png\",\"contentUrl\":\"https:\\\/\\\/getlux.ch\\\/wp-content\\\/uploads\\\/2025\\\/11\\\/FullLogo_Transparent_NoBuffer-3.png\",\"width\":1280,\"height\":864,\"caption\":\"GetLux - Location d'articles de luxe\"},\"image\":{\"@id\":\"https:\\\/\\\/getlux.ch\\\/#\\\/schema\\\/logo\\\/image\\\/\"}}]}<\/script>\n<!-- \/ Yoast SEO plugin. -->","yoast_head_json":{"title":"Luxury goods rental in Switzerland \u2013 Dresses, bags | GetLux","description":"Sac GUCCI Dionysus - par GetLux, location d'articles de luxe (robes, sacs, accessoires)","robots":{"index":"index","follow":"follow","max-snippet":"max-snippet:-1","max-image-preview":"max-image-preview:large","max-video-preview":"max-video-preview:-1"},"canonical":"https:\/\/getlux.ch\/en\/product\/gucci-x-balenciaga-a-vendre\/","og_locale":"en_GB","og_type":"article","og_title":"Location articles de luxe en Suisse \u2013 Robes, sacs | GetLux","og_description":"Sac GUCCI Dionysus - par GetLux, location d'articles de luxe (robes, sacs, accessoires)","og_url":"https:\/\/getlux.ch\/en\/product\/gucci-x-balenciaga-a-vendre\/","og_site_name":"GetLux","article_modified_time":"2026-04-02T13:06:15+00:00","og_image":[{"width":560,"height":635,"url":"https:\/\/getlux.ch\/wp-content\/uploads\/2026\/03\/Untitled-design-5-1.png","type":"image\/png"}],"twitter_card":"summary_large_image","schema":{"@context":"https:\/\/schema.org","@graph":[{"@type":"WebPage","@id":"https:\/\/getlux.ch\/produit\/gucci-x-balenciaga-a-vendre\/","url":"https:\/\/getlux.ch\/produit\/gucci-x-balenciaga-a-vendre\/","name":"Luxury goods rental in Switzerland \u2013 Dresses, bags | GetLux","isPartOf":{"@id":"https:\/\/getlux.ch\/#website"},"primaryImageOfPage":{"@id":"https:\/\/getlux.ch\/produit\/gucci-x-balenciaga-a-vendre\/#primaryimage"},"image":{"@id":"https:\/\/getlux.ch\/produit\/gucci-x-balenciaga-a-vendre\/#primaryimage"},"thumbnailUrl":"https:\/\/getlux.ch\/wp-content\/uploads\/2026\/03\/Untitled-design-5-1.png","datePublished":"2026-03-09T15:08:22+00:00","dateModified":"2026-04-02T13:06:15+00:00","description":"Sac GUCCI Dionysus - par GetLux, location d'articles de luxe (robes, sacs, accessoires)","breadcrumb":{"@id":"https:\/\/getlux.ch\/produit\/gucci-x-balenciaga-a-vendre\/#breadcrumb"},"inLanguage":"en-GB","potentialAction":[{"@type":"ReadAction","target":["https:\/\/getlux.ch\/produit\/gucci-x-balenciaga-a-vendre\/"]}]},{"@type":"ImageObject","inLanguage":"en-GB","@id":"https:\/\/getlux.ch\/produit\/gucci-x-balenciaga-a-vendre\/#primaryimage","url":"https:\/\/getlux.ch\/wp-content\/uploads\/2026\/03\/Untitled-design-5-1.png","contentUrl":"https:\/\/getlux.ch\/wp-content\/uploads\/2026\/03\/Untitled-design-5-1.png","width":560,"height":635},{"@type":"BreadcrumbList","@id":"https:\/\/getlux.ch\/produit\/gucci-x-balenciaga-a-vendre\/#breadcrumb","itemListElement":[{"@type":"ListItem","position":1,"name":"Accueil","item":"https:\/\/getlux.ch\/"},{"@type":"ListItem","position":2,"name":"Shop &#8211; pour divi shop","item":"https:\/\/getlux.ch\/shop-pour-divi-shop\/"},{"@type":"ListItem","position":3,"name":"GUCCI"}]},{"@type":"WebSite","@id":"https:\/\/getlux.ch\/#website","url":"https:\/\/getlux.ch\/","name":"GetLux","description":"Luxury clothing rental","publisher":{"@id":"https:\/\/getlux.ch\/#organization"},"potentialAction":[{"@type":"SearchAction","target":{"@type":"EntryPoint","urlTemplate":"https:\/\/getlux.ch\/?s={search_term_string}"},"query-input":{"@type":"PropertyValueSpecification","valueRequired":true,"valueName":"search_term_string"}}],"inLanguage":"en-GB"},{"@type":"Organization","@id":"https:\/\/getlux.ch\/#organization","name":"GetLux - Luxury Item Rental","url":"https:\/\/getlux.ch\/","logo":{"@type":"ImageObject","inLanguage":"en-GB","@id":"https:\/\/getlux.ch\/#\/schema\/logo\/image\/","url":"https:\/\/getlux.ch\/wp-content\/uploads\/2025\/11\/FullLogo_Transparent_NoBuffer-3.png","contentUrl":"https:\/\/getlux.ch\/wp-content\/uploads\/2025\/11\/FullLogo_Transparent_NoBuffer-3.png","width":1280,"height":864,"caption":"GetLux - Location d'articles de luxe"},"image":{"@id":"https:\/\/getlux.ch\/#\/schema\/logo\/image\/"}}]}},"_links":{"self":[{"href":"https:\/\/getlux.ch\/en\/wp-json\/wp\/v2\/product\/4395","targetHints":{"allow":["GET"]}}],"collection":[{"href":"https:\/\/getlux.ch\/en\/wp-json\/wp\/v2\/product"}],"about":[{"href":"https:\/\/getlux.ch\/en\/wp-json\/wp\/v2\/types\/product"}],"wp:featuredmedia":[{"embeddable":true,"href":"https:\/\/getlux.ch\/en\/wp-json\/wp\/v2\/media\/4447"}],"wp:attachment":[{"href":"https:\/\/getlux.ch\/en\/wp-json\/wp\/v2\/media?parent=4395"}],"wp:term":[{"taxonomy":"product_brand","embeddable":true,"href":"https:\/\/getlux.ch\/en\/wp-json\/wp\/v2\/product_brand?post=4395"},{"taxonomy":"product_cat","embeddable":true,"href":"https:\/\/getlux.ch\/en\/wp-json\/wp\/v2\/product_cat?post=4395"},{"taxonomy":"product_tag","embeddable":true,"href":"https:\/\/getlux.ch\/en\/wp-json\/wp\/v2\/product_tag?post=4395"}],"curies":[{"name":"wp","href":"https:\/\/api.w.org\/{rel}","templated":true}]}}