{"id":2955,"date":"2025-10-30T18:33:25","date_gmt":"2025-10-30T17:33:25","guid":{"rendered":"https:\/\/getlux.ch\/?post_type=product&#038;p=2955"},"modified":"2025-11-28T17:04:35","modified_gmt":"2025-11-28T16:04:35","slug":"chloe-2","status":"publish","type":"product","link":"https:\/\/getlux.ch\/en\/product\/chloe-2\/","title":{"rendered":"CHLOE"},"content":{"rendered":"<p>INFORMATION<\/p>\n<ul>\n<li>BRAND: CHLOE<\/li>\n<li>MODEL: Woody<\/li>\n<li>SIZE: H 23 x W 30 x D 9 cm<\/li>\n<li>COLOUR: Natural (white\/brown)<\/li>\n<li>MATERIAL: Linen\/canvas and leather<\/li>\n<li>SPECIAL FEATURES: <span data-olk-copy-source=\"MailCompose\">Two long handles, 25 cm high, a spacious main compartment, a flat interior pocket<\/span><\/li>\n<li>CONDITION: Very good condition<\/li>\n<\/ul>\n<p>RENTAL<\/p>\n<ul>\n<li>7\/14 days CHF 90.-\/ CHF 120.- \/ includes: return transport<\/li>\n<li>(deposit: CHF 800.- not charged)<\/li>\n<\/ul>\n<p>DESCRIPTION<\/p>\n<p>Featuring clean, modern silhouettes, the bags in the Woody line are distinguished by their Chlo\u00e9 canvas ribbons. This contemporary tote-style bag is perfect for a casual look.<\/p>","protected":false},"excerpt":{"rendered":"<p>Tote bag to carry by hand or over the shoulder<\/p>","protected":false},"featured_media":2958,"template":"","meta":{"_et_pb_use_builder":"off","_et_pb_old_content":"INFORMATIONS\r\n<ul>\r\n \t<li>MARQUE : GUCCI<\/li>\r\n \t<li>MOD\u00c8LE : Blondie<\/li>\r\n \t<li>TAILLE : H 24 x L 30 x P 6 cm<\/li>\r\n \t<li>COULEUR : Noir<\/li>\r\n \t<li>MATI\u00c8RE : Cuir<\/li>\r\n \t<li>PARTICULARIT\u00c9S : anses en cuir et lani\u00e8re m\u00e9tallique argent\u00e9e<\/li>\r\n \t<li>\u00c9TAT : Comme neuf<\/li>\r\n<\/ul>\r\nLOCATION\r\n<ul>\r\n \t<li>20 jours (220.-)<\/li>\r\n \t<li>caution : Chf 1'300.-<\/li>\r\n<\/ul>\r\nDESCRIPTION\r\n\r\nLe sac Gucci Blondie arborant le logo embl\u00e9matique apparu dans les collections de la Maison au d\u00e9but des ann\u00e9es 70, fusionne pass\u00e9 et pr\u00e9sent dans un m\u00e9lange de nostalgie et de modernit\u00e9. Ce mod\u00e8le est agr\u00e9ment\u00e9 d\u2019une bandouli\u00e8re en m\u00e9tallique amovible.","_et_gb_content_width":""},"product_brand":[],"product_cat":[125],"product_tag":[141],"class_list":{"0":"post-2955","1":"product","2":"type-product","3":"status-publish","4":"has-post-thumbnail","6":"product_cat-sac","7":"product_tag-chloe","8":"pa_duree-de-reservation-14-jours","9":"pa_duree-de-reservation-7-jours","11":"first","12":"instock","13":"shipping-taxable","14":"purchasable","15":"product-type-variable","16":"has-default-attributes"},"yoast_head":"<!-- This site is optimized with the Yoast SEO plugin v27.3 - https:\/\/yoast.com\/product\/yoast-seo-wordpress\/ -->\n<title>Location articles de luxe en Suisse \u2013 Robes, sacs | GetLux<\/title>\n<meta name=\"description\" content=\"Sac GUCCI Blondie - par GetLux, location d&#039;articles de luxe (robes, sacs, accessoires)\" \/>\n<meta name=\"robots\" content=\"index, follow, max-snippet:-1, max-image-preview:large, max-video-preview:-1\" \/>\n<link rel=\"canonical\" href=\"https:\/\/getlux.ch\/en\/product\/chloe-2\/\" \/>\n<meta property=\"og:locale\" content=\"en_GB\" \/>\n<meta property=\"og:type\" content=\"article\" \/>\n<meta property=\"og:title\" content=\"Location articles de luxe en Suisse \u2013 Robes, sacs | GetLux\" \/>\n<meta property=\"og:description\" content=\"Sac GUCCI Blondie - par GetLux, location d&#039;articles de luxe (robes, sacs, accessoires)\" \/>\n<meta property=\"og:url\" content=\"https:\/\/getlux.ch\/en\/product\/chloe-2\/\" \/>\n<meta property=\"og:site_name\" content=\"GetLux\" \/>\n<meta property=\"article:modified_time\" content=\"2025-11-28T16:04:35+00:00\" \/>\n<meta property=\"og:image\" content=\"https:\/\/getlux.ch\/wp-content\/uploads\/2025\/10\/Sac_CHLOE_Woody_2.png\" \/>\n\t<meta property=\"og:image:width\" content=\"560\" \/>\n\t<meta property=\"og:image:height\" content=\"635\" \/>\n\t<meta property=\"og:image:type\" content=\"image\/png\" \/>\n<meta name=\"twitter:card\" content=\"summary_large_image\" \/>\n<script type=\"application\/ld+json\" class=\"yoast-schema-graph\">{\"@context\":\"https:\\\/\\\/schema.org\",\"@graph\":[{\"@type\":\"WebPage\",\"@id\":\"https:\\\/\\\/getlux.ch\\\/produit\\\/chloe-2\\\/\",\"url\":\"https:\\\/\\\/getlux.ch\\\/produit\\\/chloe-2\\\/\",\"name\":\"Location articles de luxe en Suisse \u2013 Robes, sacs | GetLux\",\"isPartOf\":{\"@id\":\"https:\\\/\\\/getlux.ch\\\/#website\"},\"primaryImageOfPage\":{\"@id\":\"https:\\\/\\\/getlux.ch\\\/produit\\\/chloe-2\\\/#primaryimage\"},\"image\":{\"@id\":\"https:\\\/\\\/getlux.ch\\\/produit\\\/chloe-2\\\/#primaryimage\"},\"thumbnailUrl\":\"https:\\\/\\\/getlux.ch\\\/wp-content\\\/uploads\\\/2025\\\/10\\\/Sac_CHLOE_Woody_2.png\",\"datePublished\":\"2025-10-30T17:33:25+00:00\",\"dateModified\":\"2025-11-28T16:04:35+00:00\",\"description\":\"Sac GUCCI Blondie - par GetLux, location d'articles de luxe (robes, sacs, accessoires)\",\"breadcrumb\":{\"@id\":\"https:\\\/\\\/getlux.ch\\\/produit\\\/chloe-2\\\/#breadcrumb\"},\"inLanguage\":\"en-GB\",\"potentialAction\":[{\"@type\":\"ReadAction\",\"target\":[\"https:\\\/\\\/getlux.ch\\\/produit\\\/chloe-2\\\/\"]}]},{\"@type\":\"ImageObject\",\"inLanguage\":\"en-GB\",\"@id\":\"https:\\\/\\\/getlux.ch\\\/produit\\\/chloe-2\\\/#primaryimage\",\"url\":\"https:\\\/\\\/getlux.ch\\\/wp-content\\\/uploads\\\/2025\\\/10\\\/Sac_CHLOE_Woody_2.png\",\"contentUrl\":\"https:\\\/\\\/getlux.ch\\\/wp-content\\\/uploads\\\/2025\\\/10\\\/Sac_CHLOE_Woody_2.png\",\"width\":560,\"height\":635},{\"@type\":\"BreadcrumbList\",\"@id\":\"https:\\\/\\\/getlux.ch\\\/produit\\\/chloe-2\\\/#breadcrumb\",\"itemListElement\":[{\"@type\":\"ListItem\",\"position\":1,\"name\":\"Accueil\",\"item\":\"https:\\\/\\\/getlux.ch\\\/\"},{\"@type\":\"ListItem\",\"position\":2,\"name\":\"Shop &#8211; pour divi shop\",\"item\":\"https:\\\/\\\/getlux.ch\\\/shop-pour-divi-shop\\\/\"},{\"@type\":\"ListItem\",\"position\":3,\"name\":\"CHLOE\"}]},{\"@type\":\"WebSite\",\"@id\":\"https:\\\/\\\/getlux.ch\\\/#website\",\"url\":\"https:\\\/\\\/getlux.ch\\\/\",\"name\":\"GetLux\",\"description\":\"Location de v\u00eatements de luxe\",\"publisher\":{\"@id\":\"https:\\\/\\\/getlux.ch\\\/#organization\"},\"potentialAction\":[{\"@type\":\"SearchAction\",\"target\":{\"@type\":\"EntryPoint\",\"urlTemplate\":\"https:\\\/\\\/getlux.ch\\\/?s={search_term_string}\"},\"query-input\":{\"@type\":\"PropertyValueSpecification\",\"valueRequired\":true,\"valueName\":\"search_term_string\"}}],\"inLanguage\":\"en-GB\"},{\"@type\":\"Organization\",\"@id\":\"https:\\\/\\\/getlux.ch\\\/#organization\",\"name\":\"GetLux - Location d'articles de luxe\",\"url\":\"https:\\\/\\\/getlux.ch\\\/\",\"logo\":{\"@type\":\"ImageObject\",\"inLanguage\":\"en-GB\",\"@id\":\"https:\\\/\\\/getlux.ch\\\/#\\\/schema\\\/logo\\\/image\\\/\",\"url\":\"https:\\\/\\\/getlux.ch\\\/wp-content\\\/uploads\\\/2025\\\/11\\\/FullLogo_Transparent_NoBuffer-3.png\",\"contentUrl\":\"https:\\\/\\\/getlux.ch\\\/wp-content\\\/uploads\\\/2025\\\/11\\\/FullLogo_Transparent_NoBuffer-3.png\",\"width\":1280,\"height\":864,\"caption\":\"GetLux - Location d'articles de luxe\"},\"image\":{\"@id\":\"https:\\\/\\\/getlux.ch\\\/#\\\/schema\\\/logo\\\/image\\\/\"}}]}<\/script>\n<!-- \/ Yoast SEO plugin. -->","yoast_head_json":{"title":"Luxury goods rental in Switzerland \u2013 Dresses, bags | GetLux","description":"Sac GUCCI Blondie - par GetLux, location d'articles de luxe (robes, sacs, accessoires)","robots":{"index":"index","follow":"follow","max-snippet":"max-snippet:-1","max-image-preview":"max-image-preview:large","max-video-preview":"max-video-preview:-1"},"canonical":"https:\/\/getlux.ch\/en\/product\/chloe-2\/","og_locale":"en_GB","og_type":"article","og_title":"Location articles de luxe en Suisse \u2013 Robes, sacs | GetLux","og_description":"Sac GUCCI Blondie - par GetLux, location d'articles de luxe (robes, sacs, accessoires)","og_url":"https:\/\/getlux.ch\/en\/product\/chloe-2\/","og_site_name":"GetLux","article_modified_time":"2025-11-28T16:04:35+00:00","og_image":[{"width":560,"height":635,"url":"https:\/\/getlux.ch\/wp-content\/uploads\/2025\/10\/Sac_CHLOE_Woody_2.png","type":"image\/png"}],"twitter_card":"summary_large_image","schema":{"@context":"https:\/\/schema.org","@graph":[{"@type":"WebPage","@id":"https:\/\/getlux.ch\/produit\/chloe-2\/","url":"https:\/\/getlux.ch\/produit\/chloe-2\/","name":"Luxury goods rental in Switzerland \u2013 Dresses, bags | GetLux","isPartOf":{"@id":"https:\/\/getlux.ch\/#website"},"primaryImageOfPage":{"@id":"https:\/\/getlux.ch\/produit\/chloe-2\/#primaryimage"},"image":{"@id":"https:\/\/getlux.ch\/produit\/chloe-2\/#primaryimage"},"thumbnailUrl":"https:\/\/getlux.ch\/wp-content\/uploads\/2025\/10\/Sac_CHLOE_Woody_2.png","datePublished":"2025-10-30T17:33:25+00:00","dateModified":"2025-11-28T16:04:35+00:00","description":"Sac GUCCI Blondie - par GetLux, location d'articles de luxe (robes, sacs, accessoires)","breadcrumb":{"@id":"https:\/\/getlux.ch\/produit\/chloe-2\/#breadcrumb"},"inLanguage":"en-GB","potentialAction":[{"@type":"ReadAction","target":["https:\/\/getlux.ch\/produit\/chloe-2\/"]}]},{"@type":"ImageObject","inLanguage":"en-GB","@id":"https:\/\/getlux.ch\/produit\/chloe-2\/#primaryimage","url":"https:\/\/getlux.ch\/wp-content\/uploads\/2025\/10\/Sac_CHLOE_Woody_2.png","contentUrl":"https:\/\/getlux.ch\/wp-content\/uploads\/2025\/10\/Sac_CHLOE_Woody_2.png","width":560,"height":635},{"@type":"BreadcrumbList","@id":"https:\/\/getlux.ch\/produit\/chloe-2\/#breadcrumb","itemListElement":[{"@type":"ListItem","position":1,"name":"Accueil","item":"https:\/\/getlux.ch\/"},{"@type":"ListItem","position":2,"name":"Shop &#8211; pour divi shop","item":"https:\/\/getlux.ch\/shop-pour-divi-shop\/"},{"@type":"ListItem","position":3,"name":"CHLOE"}]},{"@type":"WebSite","@id":"https:\/\/getlux.ch\/#website","url":"https:\/\/getlux.ch\/","name":"GetLux","description":"Luxury clothing rental","publisher":{"@id":"https:\/\/getlux.ch\/#organization"},"potentialAction":[{"@type":"SearchAction","target":{"@type":"EntryPoint","urlTemplate":"https:\/\/getlux.ch\/?s={search_term_string}"},"query-input":{"@type":"PropertyValueSpecification","valueRequired":true,"valueName":"search_term_string"}}],"inLanguage":"en-GB"},{"@type":"Organization","@id":"https:\/\/getlux.ch\/#organization","name":"GetLux - Luxury Item Rental","url":"https:\/\/getlux.ch\/","logo":{"@type":"ImageObject","inLanguage":"en-GB","@id":"https:\/\/getlux.ch\/#\/schema\/logo\/image\/","url":"https:\/\/getlux.ch\/wp-content\/uploads\/2025\/11\/FullLogo_Transparent_NoBuffer-3.png","contentUrl":"https:\/\/getlux.ch\/wp-content\/uploads\/2025\/11\/FullLogo_Transparent_NoBuffer-3.png","width":1280,"height":864,"caption":"GetLux - Location d'articles de luxe"},"image":{"@id":"https:\/\/getlux.ch\/#\/schema\/logo\/image\/"}}]}},"_links":{"self":[{"href":"https:\/\/getlux.ch\/en\/wp-json\/wp\/v2\/product\/2955","targetHints":{"allow":["GET"]}}],"collection":[{"href":"https:\/\/getlux.ch\/en\/wp-json\/wp\/v2\/product"}],"about":[{"href":"https:\/\/getlux.ch\/en\/wp-json\/wp\/v2\/types\/product"}],"wp:featuredmedia":[{"embeddable":true,"href":"https:\/\/getlux.ch\/en\/wp-json\/wp\/v2\/media\/2958"}],"wp:attachment":[{"href":"https:\/\/getlux.ch\/en\/wp-json\/wp\/v2\/media?parent=2955"}],"wp:term":[{"taxonomy":"product_brand","embeddable":true,"href":"https:\/\/getlux.ch\/en\/wp-json\/wp\/v2\/product_brand?post=2955"},{"taxonomy":"product_cat","embeddable":true,"href":"https:\/\/getlux.ch\/en\/wp-json\/wp\/v2\/product_cat?post=2955"},{"taxonomy":"product_tag","embeddable":true,"href":"https:\/\/getlux.ch\/en\/wp-json\/wp\/v2\/product_tag?post=2955"}],"curies":[{"name":"wp","href":"https:\/\/api.w.org\/{rel}","templated":true}]}}